{"id":119,"date":"2022-04-28T13:27:57","date_gmt":"2022-04-28T13:27:57","guid":{"rendered":"https:\/\/mediplant.pt\/?page_id=119"},"modified":"2022-05-05T12:47:00","modified_gmt":"2022-05-05T12:47:00","slug":"mediplant-politica-de-privacidade","status":"publish","type":"page","link":"https:\/\/mediplant.pt\/en\/mediplant-politica-de-privacidade\/","title":{"rendered":"Mediplant &#8211; Pol\u00edtica de privacidade"},"content":{"rendered":"<p><div class=\"fusion-fullwidth fullwidth-box fusion-builder-row-1 fusion-flex-container nonhundred-percent-fullwidth non-hundred-percent-height-scrolling fusion-no-small-visibility fusion-no-medium-visibility\" style=\"background-color: rgba(255,255,255,0);background-position: center center;background-repeat: no-repeat;border-width: 0px 0px 0px 0px;border-color:#e2e2e2;border-style:solid;\" ><div class=\"fusion-builder-row fusion-row fusion-flex-align-items-flex-start\" style=\"max-width:1456px;margin-left: calc(-4% \/ 2 );margin-right: calc(-4% \/ 2 );\"><div class=\"fusion-layout-column fusion_builder_column fusion-builder-column-0 fusion_builder_column_1_5 1_5 fusion-flex-column\"><div class=\"fusion-column-wrapper fusion-flex-justify-content-flex-start fusion-content-layout-column\" style=\"background-position:left top;background-repeat:no-repeat;-webkit-background-size:cover;-moz-background-size:cover;-o-background-size:cover;background-size:cover;padding: 0px 0px 0px 0px;\"><div ><span class=\"fusion-imageframe imageframe-none imageframe-1 hover-type-none\"><a class=\"fusion-no-lightbox\" href=\"https:\/\/mediplant.pt\/en\/\" target=\"_blank\" aria-label=\"Mediplant_Logo\" rel=\"noopener noreferrer\"><img width=\"679\" height=\"486\" src=\"http:\/\/mediplant.pt\/wp-content\/uploads\/2022\/04\/Mediplant_Logo.png\" alt class=\"img-responsive wp-image-23\" srcset=\"https:\/\/mediplant.pt\/wp-content\/uploads\/2022\/04\/Mediplant_Logo-200x143.png 200w, https:\/\/mediplant.pt\/wp-content\/uploads\/2022\/04\/Mediplant_Logo-400x286.png 400w, https:\/\/mediplant.pt\/wp-content\/uploads\/2022\/04\/Mediplant_Logo-600x429.png 600w, https:\/\/mediplant.pt\/wp-content\/uploads\/2022\/04\/Mediplant_Logo.png 679w\" sizes=\"(max-width: 640px) 100vw, 400px\" \/><\/a><\/span><\/div><\/div><style type=\"text\/css\">.fusion-body .fusion-builder-column-0{width:20% !important;margin-top : 0px;margin-bottom : 0px;}.fusion-builder-column-0 > .fusion-column-wrapper {padding-top : 0px !important;padding-right : 0px !important;margin-right : 9.6%;padding-bottom : 0px !important;padding-left : 0px !important;margin-left : 9.6%;}@media only screen and (max-width:1024px) {.fusion-body .fusion-builder-column-0{width:20% !important;order : 0;}.fusion-builder-column-0 > .fusion-column-wrapper {margin-right : 9.6%;margin-left : 9.6%;}}@media only screen and (max-width:640px) {.fusion-body .fusion-builder-column-0{width:100% !important;order : 0;}.fusion-builder-column-0 > .fusion-column-wrapper {margin-right : 1.92%;margin-left : 1.92%;}}<\/style><\/div><div class=\"fusion-layout-column fusion_builder_column fusion-builder-column-1 fusion_builder_column_1_1 1_1 fusion-flex-column fusion-flex-align-self-flex-start\"><div class=\"fusion-column-wrapper fusion-flex-justify-content-flex-start fusion-content-layout-column\" style=\"background-position:left top;background-repeat:no-repeat;-webkit-background-size:cover;-moz-background-size:cover;-o-background-size:cover;background-size:cover;padding: 0px 0px 0px 0px;\"><div class=\"fusion-text fusion-text-1\"><p><strong>Termos e Condi\u00e7\u00f5es<\/strong><\/p>\n<p>Na Mediplant, tratamos os dados pessoais dos nossos clientes no mais estrito respeito pelos direitos e liberdades consagrados pelos princ\u00edpios vertidos no Regulamento Geral da Prote\u00e7\u00e3o de Dados (RGPD) e na Lei 58\/2019.<\/p>\n<p>A prote\u00e7\u00e3o de dados e da privacidade \u00e9 por n\u00f3s assumida como um direito fundamental, e pugnamos pela transpar\u00eancia e lealdade nas informa\u00e7\u00f5es que prestamos aos nossos clientes e trabalhadores.<\/p>\n<p>Atrav\u00e9s desta pol\u00edtica de privacidade e prote\u00e7\u00e3o de dados, pretendemos apresentar de forma clara e objetiva, os princ\u00edpios, finalidades e meios de tratamento de dados pessoais seguidos pela nossa empresa.<\/p>\n<p><strong>1. Principais Defini\u00e7\u00f5es<\/strong><\/p>\n<p>Dados pessoais \u2013 informa\u00e7\u00e3o relativa a uma pessoa singular identificada ou identific\u00e1vel (\u00abtitular dos dados\u00bb); \u00e9 considerada identific\u00e1vel uma pessoa singular que possa ser identificada, direta ou indiretamente, em especial por refer\u00eancia a um identificador, como por exemplo um nome, um n\u00famero de identifica\u00e7\u00e3o, dados de localiza\u00e7\u00e3o, identificadores por via eletr\u00f3nica ou a um ou mais elementos espec\u00edficos da identidade f\u00edsica, fisiol\u00f3gica, gen\u00e9tica, mental, econ\u00f3mica, cultural ou social dessa pessoa singular.<\/p>\n<p>Respons\u00e1vel pelo tratamento \u2013 pessoa singular ou coletiva, a autoridade p\u00fablica, a ag\u00eancia ou outro organismo que determina as finalidades e os meios de tratamento de dados pessoais.<\/p>\n<p>Tratamento \u2013 uma opera\u00e7\u00e3o ou um conjunto de opera\u00e7\u00f5es efetuadas sobre dados pessoais ou sobre conjuntos de dados pessoais, por meios automatizados ou n\u00e3o automatizados, tais como a recolha, o registo, a organiza\u00e7\u00e3o, a estrutura\u00e7\u00e3o, a conserva\u00e7\u00e3o, a adapta\u00e7\u00e3o ou altera\u00e7\u00e3o, a recupera\u00e7\u00e3o, a consulta, a utiliza\u00e7\u00e3o, a divulga\u00e7\u00e3o por transmiss\u00e3o, difus\u00e3o ou qualquer outra forma de disponibiliza\u00e7\u00e3o, a compara\u00e7\u00e3o ou interconex\u00e3o, a limita\u00e7\u00e3o, o apagamento ou a destrui\u00e7\u00e3o.<\/p>\n<p><strong>2. Quem \u00e9 o Respons\u00e1vel pelo tratamento?<\/strong><\/p>\n<p>A Mediplant \u00e9 o respons\u00e1vel pelo tratamento dos seus dados pessoais em todas as atividades de tratamento realizadas na presta\u00e7\u00e3o dos nossos servi\u00e7os.<\/p>\n<p><strong>3. Que dados pessoais tratamos?<\/strong><\/p>\n<p>Dados de identifica\u00e7\u00e3o \u2013 Nome,<br \/>\nDados de contacto \u2013 N\u00famero de telefone, email, morada;<br \/>\nDados de localiza\u00e7\u00e3o \u2013 Endere\u00e7o IP<br \/>\nDados para financeiros<\/p>\n<p><strong>4. Como obtemos os dados?<\/strong><\/p>\n<p>A Mediplant apenas recolhe os dados estritamente necess\u00e1rios, pertinentes e adequados para a prossecu\u00e7\u00e3o das finalidades definidas no momento da recolha de dados.<\/p>\n<p>Os dados podem ser obtidos por diversas vias. Atrav\u00e9s do nosso website, em que os titulares de dados fornecem os seus dados para pedidos de contacto, informa\u00e7\u00f5es, ou no \u00e2mbito do desenvolvimento dos nossos projetos.<\/p>\n<p><strong>5. Quanto tempo guardamos os dados?<\/strong><\/p>\n<p>Os dados por n\u00f3s tratados s\u00e3o conservados enquanto se mantenha a finalidade para os quais foram recolhidos, ou pelo per\u00edodo estipulado legalmente, se for o caso.<\/p>\n<p>Podemos ainda conservar os dados por um per\u00edodo superior ao indicado, em casos de um interesse leg\u00edtimo em acautelar eventuais reclama\u00e7\u00f5es e recolha de provas para defesa da empresa em processos judiciais, sempre tendo em conta a salvaguarda dos direitos e liberdades do titular dos dados.<\/p>\n<p><strong>6. Finalidades do tratamento<\/strong><\/p>\n<p>Apenas tratamos dados pessoais suportados em fundamentos de licitude, tais como:<\/p>\n<p>A execu\u00e7\u00e3o de um contrato no qual o titular dos dados \u00e9 parte, ou para dilig\u00eancias pr\u00e9-contratuais a pedido do titular dos dados;<br \/>\nCumprimento de obriga\u00e7\u00f5es jur\u00eddicas;<br \/>\nConsentimento do titular;<br \/>\nO tratamento for necess\u00e1rio para efeito dos interesses leg\u00edtimos prosseguidos pelo respons\u00e1vel pelo tratamento salvaguardando os direitos e liberdades fundamentais do titular.<\/p>\n<p><strong>7. Quais s\u00e3o os direitos dos titulares, e como os podem exercer<\/strong><\/p>\n<p>Os titulares t\u00eam o direito de aceder aos dados tratados pela Mediplant que lhe digam respeito, e podem em certas circunst\u00e2ncias opor-se ao tratamento, solicitar o apagamento dos seus dados, bem como retificar ou limitar o seu tratamento.<\/p>\n<p>Para exercer estes direitos, os titulares podem efetuar o seu pedido para o email: geral@mediplant.pt<\/p>\n<p>Caso considere que os seus dados foram tratados de forma il\u00edcita, pode apresentar uma reclama\u00e7\u00e3o junto da autoridade de controlo \u2013 Comiss\u00e3o Nacional de Prote\u00e7\u00e3o de Dados.<\/p>\n<p><strong><br \/>\nPol\u00edticas de Cookies<\/strong><\/p>\n<p><strong>1. O que s\u00e3o Cookies?<\/strong><\/p>\n<p>Os Cookies s\u00e3o pequenos ficheiros de texto, com informa\u00e7\u00e3o relevante que s\u00e3o armazenados no computador pelos browsers e s\u00e3o utilizados sempre que o utilizador faz uma nova visita ao website, permitindo direcionar a navega\u00e7\u00e3o aos interesses do utilizador.<\/p>\n<p>O consentimento em rela\u00e7\u00e3o aos cookies \u00e9 obtido por meio de um aviso com uma barra informativa, surge na entrada do website, designado Cookie de Aceita\u00e7\u00e3o da Pol\u00edtica de Cookies, com finalidade de o utilizador aceitar a Pol\u00edtica de Cookies do website.<\/p>\n<p>\u00c9 poss\u00edvel ao utilizador dar consentimento em diferentes n\u00edveis de aceita\u00e7\u00e3o, ou seja, para cada tipo de cookie.<\/p>\n<p><strong>2. Que tipo de cookies armazenamos?<\/strong><\/p>\n<p>Cookies Estritamente Necess\u00e1rios: permitem a navega\u00e7\u00e3o no website utilizando \u00e1reas seguras. Sem estes cookies, os servi\u00e7os requeridos n\u00e3o podem ser apresentados;<\/p>\n<p>Dados do Google Analytics: utilizados anonimamente para efeitos de monitorizar e analise de estat\u00edsticas (n\u00famero de visitantes do website e quais as p\u00e1ginas mais visitadas), sem nunca recolher informa\u00e7\u00f5es de car\u00e1ter pessoal.<\/p>\n<p>Pode a qualquer momento alterar ou retirar o seu consentimento da Declara\u00e7\u00e3o de Cookies no nosso website.<\/p>\n<p>&nbsp;<\/p>\n<p>28\/04\/2022<\/p>\n<\/div><\/div><style type=\"text\/css\">.fusion-body .fusion-builder-column-1{width:100% !important;margin-top : 100px;margin-bottom : 0px;}.fusion-builder-column-1 > .fusion-column-wrapper {padding-top : 0px !important;padding-right : 0px !important;margin-right : 1.92%;padding-bottom : 0px !important;padding-left : 0px !important;margin-left : 1.92%;}@media only screen and (max-width:1024px) {.fusion-body .fusion-builder-column-1{width:100% !important;order : 0;}.fusion-builder-column-1 > .fusion-column-wrapper {margin-right : 1.92%;margin-left : 1.92%;}}@media only screen and (max-width:640px) {.fusion-body .fusion-builder-column-1{width:100% !important;order : 0;}.fusion-builder-column-1 > .fusion-column-wrapper {margin-right : 1.92%;margin-left : 1.92%;}}<\/style><\/div><\/div><style type=\"text\/css\">.fusion-body .fusion-flex-container.fusion-builder-row-1{ padding-top : 0px;margin-top : 0px;padding-right : 200px;padding-bottom : 200px;margin-bottom : 0px;padding-left : 200px;}<\/style><\/div><div class=\"fusion-fullwidth fullwidth-box fusion-builder-row-2 fusion-flex-container nonhundred-percent-fullwidth non-hundred-percent-height-scrolling fusion-no-large-visibility\" style=\"background-color: rgba(255,255,255,0);background-position: center center;background-repeat: no-repeat;border-width: 0px 0px 0px 0px;border-color:#e2e2e2;border-style:solid;\" ><div class=\"fusion-builder-row fusion-row fusion-flex-align-items-flex-start\" style=\"max-width:1456px;margin-left: calc(-4% \/ 2 );margin-right: calc(-4% \/ 2 );\"><div class=\"fusion-layout-column fusion_builder_column fusion-builder-column-2 fusion_builder_column_1_5 1_5 fusion-flex-column\"><div class=\"fusion-column-wrapper fusion-flex-justify-content-flex-start fusion-content-layout-column\" style=\"background-position:left top;background-repeat:no-repeat;-webkit-background-size:cover;-moz-background-size:cover;-o-background-size:cover;background-size:cover;padding: 0px 0px 0px 0px;\"><div ><span class=\"fusion-imageframe imageframe-none imageframe-2 hover-type-none\" style=\"max-width:200px;\"><a class=\"fusion-no-lightbox\" href=\"https:\/\/mediplant.pt\/en\/\" target=\"_blank\" aria-label=\"Mediplant_Logo\" rel=\"noopener noreferrer\"><img width=\"679\" height=\"486\" src=\"http:\/\/mediplant.pt\/wp-content\/uploads\/2022\/04\/Mediplant_Logo.png\" alt class=\"img-responsive wp-image-23\" srcset=\"https:\/\/mediplant.pt\/wp-content\/uploads\/2022\/04\/Mediplant_Logo-200x143.png 200w, https:\/\/mediplant.pt\/wp-content\/uploads\/2022\/04\/Mediplant_Logo-400x286.png 400w, https:\/\/mediplant.pt\/wp-content\/uploads\/2022\/04\/Mediplant_Logo-600x429.png 600w, https:\/\/mediplant.pt\/wp-content\/uploads\/2022\/04\/Mediplant_Logo.png 679w\" sizes=\"(max-width: 640px) 100vw, 400px\" \/><\/a><\/span><\/div><\/div><style type=\"text\/css\">.fusion-body .fusion-builder-column-2{width:20% !important;margin-top : 0px;margin-bottom : 0px;}.fusion-builder-column-2 > .fusion-column-wrapper {padding-top : 0px !important;padding-right : 0px !important;margin-right : 9.6%;padding-bottom : 0px !important;padding-left : 0px !important;margin-left : 9.6%;}@media only screen and (max-width:1024px) {.fusion-body .fusion-builder-column-2{width:20% !important;order : 0;}.fusion-builder-column-2 > .fusion-column-wrapper {margin-right : 9.6%;margin-left : 9.6%;}}@media only screen and (max-width:640px) {.fusion-body .fusion-builder-column-2{width:100% !important;order : 0;}.fusion-builder-column-2 > .fusion-column-wrapper {margin-right : 1.92%;margin-left : 1.92%;}}<\/style><\/div><div class=\"fusion-layout-column fusion_builder_column fusion-builder-column-3 fusion_builder_column_1_1 1_1 fusion-flex-column fusion-flex-align-self-flex-start\"><div class=\"fusion-column-wrapper fusion-flex-justify-content-flex-start fusion-content-layout-column\" style=\"background-position:left top;background-repeat:no-repeat;-webkit-background-size:cover;-moz-background-size:cover;-o-background-size:cover;background-size:cover;padding: 0px 0px 0px 0px;\"><div class=\"fusion-text fusion-text-2\"><p><strong>Termos e Condi\u00e7\u00f5es<\/strong><\/p>\n<p>Na Mediplant, tratamos os dados pessoais dos nossos clientes no mais estrito respeito pelos direitos e liberdades consagrados pelos princ\u00edpios vertidos no Regulamento Geral da Prote\u00e7\u00e3o de Dados (RGPD) e na Lei 58\/2019.<\/p>\n<p>A prote\u00e7\u00e3o de dados e da privacidade \u00e9 por n\u00f3s assumida como um direito fundamental, e pugnamos pela transpar\u00eancia e lealdade nas informa\u00e7\u00f5es que prestamos aos nossos clientes e trabalhadores.<\/p>\n<p>Atrav\u00e9s desta pol\u00edtica de privacidade e prote\u00e7\u00e3o de dados, pretendemos apresentar de forma clara e objetiva, os princ\u00edpios, finalidades e meios de tratamento de dados pessoais seguidos pela nossa empresa.<\/p>\n<p><strong>1. Principais Defini\u00e7\u00f5es<\/strong><\/p>\n<p>Dados pessoais \u2013 informa\u00e7\u00e3o relativa a uma pessoa singular identificada ou identific\u00e1vel (\u00abtitular dos dados\u00bb); \u00e9 considerada identific\u00e1vel uma pessoa singular que possa ser identificada, direta ou indiretamente, em especial por refer\u00eancia a um identificador, como por exemplo um nome, um n\u00famero de identifica\u00e7\u00e3o, dados de localiza\u00e7\u00e3o, identificadores por via eletr\u00f3nica ou a um ou mais elementos espec\u00edficos da identidade f\u00edsica, fisiol\u00f3gica, gen\u00e9tica, mental, econ\u00f3mica, cultural ou social dessa pessoa singular.<\/p>\n<p>Respons\u00e1vel pelo tratamento \u2013 pessoa singular ou coletiva, a autoridade p\u00fablica, a ag\u00eancia ou outro organismo que determina as finalidades e os meios de tratamento de dados pessoais.<\/p>\n<p>Tratamento \u2013 uma opera\u00e7\u00e3o ou um conjunto de opera\u00e7\u00f5es efetuadas sobre dados pessoais ou sobre conjuntos de dados pessoais, por meios automatizados ou n\u00e3o automatizados, tais como a recolha, o registo, a organiza\u00e7\u00e3o, a estrutura\u00e7\u00e3o, a conserva\u00e7\u00e3o, a adapta\u00e7\u00e3o ou altera\u00e7\u00e3o, a recupera\u00e7\u00e3o, a consulta, a utiliza\u00e7\u00e3o, a divulga\u00e7\u00e3o por transmiss\u00e3o, difus\u00e3o ou qualquer outra forma de disponibiliza\u00e7\u00e3o, a compara\u00e7\u00e3o ou interconex\u00e3o, a limita\u00e7\u00e3o, o apagamento ou a destrui\u00e7\u00e3o.<\/p>\n<p><strong>2. Quem \u00e9 o Respons\u00e1vel pelo tratamento?<\/strong><\/p>\n<p>A Mediplant \u00e9 o respons\u00e1vel pelo tratamento dos seus dados pessoais em todas as atividades de tratamento realizadas na presta\u00e7\u00e3o dos nossos servi\u00e7os.<\/p>\n<p><strong>3. Que dados pessoais tratamos?<\/strong><\/p>\n<p>Dados de identifica\u00e7\u00e3o \u2013 Nome,<br \/>\nDados de contacto \u2013 N\u00famero de telefone, email, morada;<br \/>\nDados de localiza\u00e7\u00e3o \u2013 Endere\u00e7o IP<br \/>\nDados para financeiros<\/p>\n<p><strong>4. Como obtemos os dados?<\/strong><\/p>\n<p>A Mediplant apenas recolhe os dados estritamente necess\u00e1rios, pertinentes e adequados para a prossecu\u00e7\u00e3o das finalidades definidas no momento da recolha de dados.<\/p>\n<p>Os dados podem ser obtidos por diversas vias. Atrav\u00e9s do nosso website, em que os titulares de dados fornecem os seus dados para pedidos de contacto, informa\u00e7\u00f5es, ou no \u00e2mbito do desenvolvimento dos nossos projetos.<\/p>\n<p><strong>5. Quanto tempo guardamos os dados?<\/strong><\/p>\n<p>Os dados por n\u00f3s tratados s\u00e3o conservados enquanto se mantenha a finalidade para os quais foram recolhidos, ou pelo per\u00edodo estipulado legalmente, se for o caso.<\/p>\n<p>Podemos ainda conservar os dados por um per\u00edodo superior ao indicado, em casos de um interesse leg\u00edtimo em acautelar eventuais reclama\u00e7\u00f5es e recolha de provas para defesa da empresa em processos judiciais, sempre tendo em conta a salvaguarda dos direitos e liberdades do titular dos dados.<\/p>\n<p><strong>6. Finalidades do tratamento<\/strong><\/p>\n<p>Apenas tratamos dados pessoais suportados em fundamentos de licitude, tais como:<\/p>\n<p>A execu\u00e7\u00e3o de um contrato no qual o titular dos dados \u00e9 parte, ou para dilig\u00eancias pr\u00e9-contratuais a pedido do titular dos dados;<br \/>\nCumprimento de obriga\u00e7\u00f5es jur\u00eddicas;<br \/>\nConsentimento do titular;<br \/>\nO tratamento for necess\u00e1rio para efeito dos interesses leg\u00edtimos prosseguidos pelo respons\u00e1vel pelo tratamento salvaguardando os direitos e liberdades fundamentais do titular.<\/p>\n<p><strong>7. Quais s\u00e3o os direitos dos titulares, e como os podem exercer<\/strong><\/p>\n<p>Os titulares t\u00eam o direito de aceder aos dados tratados pela Mediplant que lhe digam respeito, e podem em certas circunst\u00e2ncias opor-se ao tratamento, solicitar o apagamento dos seus dados, bem como retificar ou limitar o seu tratamento.<\/p>\n<p>Para exercer estes direitos, os titulares podem efetuar o seu pedido para o email: geral@mediplant.pt<\/p>\n<p>Caso considere que os seus dados foram tratados de forma il\u00edcita, pode apresentar uma reclama\u00e7\u00e3o junto da autoridade de controlo \u2013 Comiss\u00e3o Nacional de Prote\u00e7\u00e3o de Dados.<\/p>\n<p><strong><br \/>\nPol\u00edticas de Cookies<\/strong><\/p>\n<p><strong>1. O que s\u00e3o Cookies?<\/strong><\/p>\n<p>Os Cookies s\u00e3o pequenos ficheiros de texto, com informa\u00e7\u00e3o relevante que s\u00e3o armazenados no computador pelos browsers e s\u00e3o utilizados sempre que o utilizador faz uma nova visita ao website, permitindo direcionar a navega\u00e7\u00e3o aos interesses do utilizador.<\/p>\n<p>O consentimento em rela\u00e7\u00e3o aos cookies \u00e9 obtido por meio de um aviso com uma barra informativa, surge na entrada do website, designado Cookie de Aceita\u00e7\u00e3o da Pol\u00edtica de Cookies, com finalidade de o utilizador aceitar a Pol\u00edtica de Cookies do website.<\/p>\n<p>\u00c9 poss\u00edvel ao utilizador dar consentimento em diferentes n\u00edveis de aceita\u00e7\u00e3o, ou seja, para cada tipo de cookie.<\/p>\n<p><strong>2. Que tipo de cookies armazenamos?<\/strong><\/p>\n<p>Cookies Estritamente Necess\u00e1rios: permitem a navega\u00e7\u00e3o no website utilizando \u00e1reas seguras. Sem estes cookies, os servi\u00e7os requeridos n\u00e3o podem ser apresentados;<\/p>\n<p>Dados do Google Analytics: utilizados anonimamente para efeitos de monitorizar e analise de estat\u00edsticas (n\u00famero de visitantes do website e quais as p\u00e1ginas mais visitadas), sem nunca recolher informa\u00e7\u00f5es de car\u00e1ter pessoal.<\/p>\n<p>Pode a qualquer momento alterar ou retirar o seu consentimento da Declara\u00e7\u00e3o de Cookies no nosso website.<\/p>\n<p>&nbsp;<\/p>\n<p>28\/04\/2022<\/p>\n<\/div><\/div><style type=\"text\/css\">.fusion-body .fusion-builder-column-3{width:100% !important;margin-top : 100px;margin-bottom : 0px;}.fusion-builder-column-3 > .fusion-column-wrapper {padding-top : 0px !important;padding-right : 0px !important;margin-right : 1.92%;padding-bottom : 0px !important;padding-left : 0px !important;margin-left : 1.92%;}@media only screen and (max-width:1024px) {.fusion-body .fusion-builder-column-3{width:100% !important;order : 0;}.fusion-builder-column-3 > .fusion-column-wrapper {margin-right : 1.92%;margin-left : 1.92%;}}@media only screen and (max-width:640px) {.fusion-body .fusion-builder-column-3{width:100% !important;order : 0;}.fusion-builder-column-3 > .fusion-column-wrapper {margin-right : 1.92%;margin-left : 1.92%;}}<\/style><\/div><\/div><style type=\"text\/css\">.fusion-body .fusion-flex-container.fusion-builder-row-2{ padding-top : 0px;margin-top : 0px;padding-right : 20px;padding-bottom : 200px;margin-bottom : 0px;padding-left : 20px;}<\/style><\/div><\/p>","protected":false},"excerpt":{"rendered":"","protected":false},"author":1,"featured_media":0,"parent":0,"menu_order":0,"comment_status":"closed","ping_status":"closed","template":"100-width.php","meta":[],"yoast_head":"<!-- This site is optimized with the Yoast SEO plugin v18.7 - https:\/\/yoast.com\/wordpress\/plugins\/seo\/ -->\n<title>Mediplant - Pol\u00edtica de privacidade - Mediplant<\/title>\n<meta name=\"robots\" content=\"index, follow, max-snippet:-1, max-image-preview:large, max-video-preview:-1\" \/>\n<link rel=\"canonical\" href=\"https:\/\/mediplant.pt\/en\/mediplant-politica-de-privacidade\/\" \/>\n<meta property=\"og:locale\" content=\"en_GB\" \/>\n<meta property=\"og:type\" content=\"article\" \/>\n<meta property=\"og:title\" content=\"Mediplant - Pol\u00edtica de privacidade - Mediplant\" \/>\n<meta property=\"og:url\" content=\"https:\/\/mediplant.pt\/en\/mediplant-politica-de-privacidade\/\" \/>\n<meta property=\"og:site_name\" content=\"Mediplant\" \/>\n<meta property=\"article:modified_time\" content=\"2022-05-05T12:47:00+00:00\" \/>\n<meta name=\"twitter:card\" content=\"summary_large_image\" \/>\n<meta name=\"twitter:label1\" content=\"Estimated reading time\" \/>\n\t<meta name=\"twitter:data1\" content=\"20 minutes\" \/>\n<script type=\"application\/ld+json\" class=\"yoast-schema-graph\">{\"@context\":\"https:\/\/schema.org\",\"@graph\":[{\"@type\":\"WebSite\",\"@id\":\"https:\/\/mediplant.pt\/#website\",\"url\":\"https:\/\/mediplant.pt\/\",\"name\":\"Mediplant\",\"description\":\"\",\"potentialAction\":[{\"@type\":\"SearchAction\",\"target\":{\"@type\":\"EntryPoint\",\"urlTemplate\":\"https:\/\/mediplant.pt\/?s={search_term_string}\"},\"query-input\":\"required name=search_term_string\"}],\"inLanguage\":\"en-GB\"},{\"@type\":\"WebPage\",\"@id\":\"https:\/\/mediplant.pt\/mediplant-politica-de-privacidade\/#webpage\",\"url\":\"https:\/\/mediplant.pt\/mediplant-politica-de-privacidade\/\",\"name\":\"Mediplant - Pol\u00edtica de privacidade - Mediplant\",\"isPartOf\":{\"@id\":\"https:\/\/mediplant.pt\/#website\"},\"datePublished\":\"2022-04-28T13:27:57+00:00\",\"dateModified\":\"2022-05-05T12:47:00+00:00\",\"breadcrumb\":{\"@id\":\"https:\/\/mediplant.pt\/mediplant-politica-de-privacidade\/#breadcrumb\"},\"inLanguage\":\"en-GB\",\"potentialAction\":[{\"@type\":\"ReadAction\",\"target\":[\"https:\/\/mediplant.pt\/mediplant-politica-de-privacidade\/\"]}]},{\"@type\":\"BreadcrumbList\",\"@id\":\"https:\/\/mediplant.pt\/mediplant-politica-de-privacidade\/#breadcrumb\",\"itemListElement\":[{\"@type\":\"ListItem\",\"position\":1,\"name\":\"In\u00edcio\",\"item\":\"https:\/\/mediplant.pt\/\"},{\"@type\":\"ListItem\",\"position\":2,\"name\":\"Mediplant &#8211; Pol\u00edtica de privacidade\"}]}]}<\/script>\n<!-- \/ Yoast SEO plugin. -->","yoast_head_json":{"title":"Mediplant - Pol\u00edtica de privacidade - Mediplant","robots":{"index":"index","follow":"follow","max-snippet":"max-snippet:-1","max-image-preview":"max-image-preview:large","max-video-preview":"max-video-preview:-1"},"canonical":"https:\/\/mediplant.pt\/en\/mediplant-politica-de-privacidade\/","og_locale":"en_GB","og_type":"article","og_title":"Mediplant - Pol\u00edtica de privacidade - Mediplant","og_url":"https:\/\/mediplant.pt\/en\/mediplant-politica-de-privacidade\/","og_site_name":"Mediplant","article_modified_time":"2022-05-05T12:47:00+00:00","twitter_card":"summary_large_image","twitter_misc":{"Estimated reading time":"20 minutes"},"schema":{"@context":"https:\/\/schema.org","@graph":[{"@type":"WebSite","@id":"https:\/\/mediplant.pt\/#website","url":"https:\/\/mediplant.pt\/","name":"Mediplant","description":"","potentialAction":[{"@type":"SearchAction","target":{"@type":"EntryPoint","urlTemplate":"https:\/\/mediplant.pt\/?s={search_term_string}"},"query-input":"required name=search_term_string"}],"inLanguage":"en-GB"},{"@type":"WebPage","@id":"https:\/\/mediplant.pt\/mediplant-politica-de-privacidade\/#webpage","url":"https:\/\/mediplant.pt\/mediplant-politica-de-privacidade\/","name":"Mediplant - Pol\u00edtica de privacidade - Mediplant","isPartOf":{"@id":"https:\/\/mediplant.pt\/#website"},"datePublished":"2022-04-28T13:27:57+00:00","dateModified":"2022-05-05T12:47:00+00:00","breadcrumb":{"@id":"https:\/\/mediplant.pt\/mediplant-politica-de-privacidade\/#breadcrumb"},"inLanguage":"en-GB","potentialAction":[{"@type":"ReadAction","target":["https:\/\/mediplant.pt\/mediplant-politica-de-privacidade\/"]}]},{"@type":"BreadcrumbList","@id":"https:\/\/mediplant.pt\/mediplant-politica-de-privacidade\/#breadcrumb","itemListElement":[{"@type":"ListItem","position":1,"name":"In\u00edcio","item":"https:\/\/mediplant.pt\/"},{"@type":"ListItem","position":2,"name":"Mediplant &#8211; Pol\u00edtica de privacidade"}]}]}},"_links":{"self":[{"href":"https:\/\/mediplant.pt\/en\/wp-json\/wp\/v2\/pages\/119"}],"collection":[{"href":"https:\/\/mediplant.pt\/en\/wp-json\/wp\/v2\/pages"}],"about":[{"href":"https:\/\/mediplant.pt\/en\/wp-json\/wp\/v2\/types\/page"}],"author":[{"embeddable":true,"href":"https:\/\/mediplant.pt\/en\/wp-json\/wp\/v2\/users\/1"}],"replies":[{"embeddable":true,"href":"https:\/\/mediplant.pt\/en\/wp-json\/wp\/v2\/comments?post=119"}],"version-history":[{"count":14,"href":"https:\/\/mediplant.pt\/en\/wp-json\/wp\/v2\/pages\/119\/revisions"}],"predecessor-version":[{"id":187,"href":"https:\/\/mediplant.pt\/en\/wp-json\/wp\/v2\/pages\/119\/revisions\/187"}],"wp:attachment":[{"href":"https:\/\/mediplant.pt\/en\/wp-json\/wp\/v2\/media?parent=119"}],"curies":[{"name":"wp","href":"https:\/\/api.w.org\/{rel}","templated":true}]}}